{"id":739,"date":"2023-10-12T20:19:05","date_gmt":"2023-10-12T20:19:05","guid":{"rendered":"https:\/\/miex-serval.ch\/?page_id=739"},"modified":"2024-10-01T22:24:38","modified_gmt":"2024-10-01T22:24:38","slug":"chatons-disponibles","status":"publish","type":"page","link":"https:\/\/miex-serval.ch\/?page_id=739","title":{"rendered":"Chatons disponibles"},"content":{"rendered":"\n<p>Actuellement nous avons une portee de quatres chatons de race Caracat. <\/p>\n\n\n\n<p>C&#8217;est la premi\u00e8re port\u00e9e de caracats n\u00e9s en Suisse.<\/p>\n\n\n\n<p>Les chatons sont n\u00e9s le 18.08.2024<\/p>\n\n\n\n<p>la femelle est resrvee<\/p>\n\n\n\n<p>les trois m\u00e2les sont encore disponibles<\/p>\n\n\n\n<p>Vous trouverez ici les photos de notre adorable femelle caracat et de ses chatons.<\/p>\n\n\n\n<p><a href=\"https:\/\/miex-serval.ch\/wp-admin\/post.php?post=745&amp;action=elementor\">https:\/\/miex-serval.ch\/wp-admin\/post.php?post=745&amp;action=elementor<\/a><\/p>\n","protected":false},"excerpt":{"rendered":"<p>Actuellement nous avons une portee de quatres chatons de race Caracat. C&#8217;est la premi\u00e8re port\u00e9e de caracats n\u00e9s en Suisse. Les chatons sont n\u00e9s le 18.08.2024 la femelle est resrvee les trois m\u00e2les sont encore disponibles Vous trouverez ici les photos de notre adorable femelle caracat et de ses chatons. https:\/\/miex-serval.ch\/wp-admin\/post.php?post=745&amp;action=elementor<\/p>\n","protected":false},"author":1,"featured_media":0,"parent":0,"menu_order":0,"comment_status":"closed","ping_status":"closed","template":"","meta":{"footnotes":""},"folder":[],"class_list":["post-739","page","type-page","status-publish","hentry"],"_links":{"self":[{"href":"https:\/\/miex-serval.ch\/index.php?rest_route=\/wp\/v2\/pages\/739","targetHints":{"allow":["GET"]}}],"collection":[{"href":"https:\/\/miex-serval.ch\/index.php?rest_route=\/wp\/v2\/pages"}],"about":[{"href":"https:\/\/miex-serval.ch\/index.php?rest_route=\/wp\/v2\/types\/page"}],"author":[{"embeddable":true,"href":"https:\/\/miex-serval.ch\/index.php?rest_route=\/wp\/v2\/users\/1"}],"replies":[{"embeddable":true,"href":"https:\/\/miex-serval.ch\/index.php?rest_route=%2Fwp%2Fv2%2Fcomments&post=739"}],"version-history":[{"count":3,"href":"https:\/\/miex-serval.ch\/index.php?rest_route=\/wp\/v2\/pages\/739\/revisions"}],"predecessor-version":[{"id":1097,"href":"https:\/\/miex-serval.ch\/index.php?rest_route=\/wp\/v2\/pages\/739\/revisions\/1097"}],"wp:attachment":[{"href":"https:\/\/miex-serval.ch\/index.php?rest_route=%2Fwp%2Fv2%2Fmedia&parent=739"}],"wp:term":[{"taxonomy":"folder","embeddable":true,"href":"https:\/\/miex-serval.ch\/index.php?rest_route=%2Fwp%2Fv2%2Ffolder&post=739"}],"curies":[{"name":"wp","href":"https:\/\/api.w.org\/{rel}","templated":true}]}}