{"id":749,"date":"2023-10-12T20:29:29","date_gmt":"2023-10-12T20:29:29","guid":{"rendered":"https:\/\/miex-serval.ch\/?page_id=749"},"modified":"2024-10-01T22:19:56","modified_gmt":"2024-10-01T22:19:56","slug":"nos-savannah-reproducteurs","status":"publish","type":"page","link":"https:\/\/miex-serval.ch\/?page_id=749","title":{"rendered":"Nos Savannah reproducteurs"},"content":{"rendered":"\n<h2 class=\"wp-block-heading\">Nos m\u00e2les<\/h2>\n\n\n\n<h3 class=\"wp-block-heading\">Oasis<\/h3>\n\n\n\n<div class=\"wp-block-media-text is-stacked-on-mobile\" style=\"grid-template-columns:47% auto\"><figure class=\"wp-block-media-text__media\"><img fetchpriority=\"high\" decoding=\"async\" width=\"1024\" height=\"691\" src=\"https:\/\/miex-serval.ch\/wp-content\/uploads\/2024\/09\/20210304_015217-1024x691.jpg\" alt=\"\" class=\"wp-image-962 size-full\" srcset=\"https:\/\/miex-serval.ch\/wp-content\/uploads\/2024\/09\/20210304_015217-1024x691.jpg 1024w, https:\/\/miex-serval.ch\/wp-content\/uploads\/2024\/09\/20210304_015217-300x203.jpg 300w, https:\/\/miex-serval.ch\/wp-content\/uploads\/2024\/09\/20210304_015217-768x518.jpg 768w, https:\/\/miex-serval.ch\/wp-content\/uploads\/2024\/09\/20210304_015217-1536x1037.jpg 1536w, https:\/\/miex-serval.ch\/wp-content\/uploads\/2024\/09\/20210304_015217-2048x1382.jpg 2048w\" sizes=\"(max-width: 1024px) 100vw, 1024px\" \/><\/figure><div class=\"wp-block-media-text__content\">\n<p>M\u00e2le F6, import\u00e9 de France. C&#8217;est le plus grand de nos m\u00e2les, il p\u00e8se plus de 6.5 kg<\/p>\n\n\n\n<p>Oasis est dans notre \u00e9levage depuis le d\u00e9but, c&#8217;est notre premier m\u00e2le reproducteur et le p\u00e8re de plusieurs chatons.<\/p>\n\n\n\n<p><a href=\"https:\/\/miex-serval.ch\/?page_id=977\" data-type=\"page\" data-id=\"977\">Plus de photos d&#8217;Oasis ici<\/a><\/p>\n<\/div><\/div>\n\n\n\n<h3 class=\"wp-block-heading\">Sultan<\/h3>\n\n\n\n<div class=\"wp-block-media-text is-stacked-on-mobile\" style=\"grid-template-columns:47% auto\"><figure class=\"wp-block-media-text__media\"><img decoding=\"async\" width=\"1024\" height=\"683\" src=\"https:\/\/miex-serval.ch\/wp-content\/uploads\/2024\/09\/20220617_210634-1024x683.jpg\" alt=\"\" class=\"wp-image-964 size-full\" srcset=\"https:\/\/miex-serval.ch\/wp-content\/uploads\/2024\/09\/20220617_210634-1024x683.jpg 1024w, https:\/\/miex-serval.ch\/wp-content\/uploads\/2024\/09\/20220617_210634-300x200.jpg 300w, https:\/\/miex-serval.ch\/wp-content\/uploads\/2024\/09\/20220617_210634-768x512.jpg 768w, https:\/\/miex-serval.ch\/wp-content\/uploads\/2024\/09\/20220617_210634-1536x1024.jpg 1536w, https:\/\/miex-serval.ch\/wp-content\/uploads\/2024\/09\/20220617_210634-2048x1365.jpg 2048w\" sizes=\"(max-width: 1024px) 100vw, 1024px\" \/><\/figure><div class=\"wp-block-media-text__content\">\n<p>Sultan F5 et son p\u00e8re Amani F5 ont \u00e9t\u00e9 import\u00e9s de l&#8217;Allemagne en 2021. Amani est malheureusement d\u00e9c\u00e9d\u00e9 de vieillesse en 2022, mais Sultan continue l&#8217;\u0153uvre de son papa, il est d\u00e9sormais le p\u00e8re de nombreux chatons.<\/p>\n<\/div><\/div>\n\n\n\n<h3 class=\"wp-block-heading\">Amani <\/h3>\n\n\n\n<div class=\"wp-block-media-text is-stacked-on-mobile\" style=\"grid-template-columns:47% auto\"><figure class=\"wp-block-media-text__media\"><img decoding=\"async\" width=\"1024\" height=\"683\" src=\"https:\/\/miex-serval.ch\/wp-content\/uploads\/2024\/09\/20210814_201605-1024x683.jpg\" alt=\"\" class=\"wp-image-1037 size-full\" srcset=\"https:\/\/miex-serval.ch\/wp-content\/uploads\/2024\/09\/20210814_201605-1024x683.jpg 1024w, https:\/\/miex-serval.ch\/wp-content\/uploads\/2024\/09\/20210814_201605-300x200.jpg 300w, https:\/\/miex-serval.ch\/wp-content\/uploads\/2024\/09\/20210814_201605-768x512.jpg 768w, https:\/\/miex-serval.ch\/wp-content\/uploads\/2024\/09\/20210814_201605-1536x1024.jpg 1536w, https:\/\/miex-serval.ch\/wp-content\/uploads\/2024\/09\/20210814_201605-2048x1365.jpg 2048w\" sizes=\"(max-width: 1024px) 100vw, 1024px\" \/><\/figure><div class=\"wp-block-media-text__content\">\n<p>Amani et sont fils Sultan sont est arriv\u00e9s dans notre \u00e9levage de l&#8217;Allemagne. Amani est malheureusement mort de vieillesse, mais avant de d\u00e9c\u00e9der il a pu devenir p\u00e8re de plusieurs chatons dont nos deux femelles Ava et Arvena.<\/p>\n<\/div><\/div>\n\n\n\n<h2 class=\"wp-block-heading\">Nos femelles<\/h2>\n\n\n\n<h3 class=\"wp-block-heading\">Ava<\/h3>\n\n\n\n<div class=\"wp-block-media-text is-stacked-on-mobile is-vertically-aligned-center\" style=\"grid-template-columns:46% auto\"><figure class=\"wp-block-media-text__media\"><img loading=\"lazy\" decoding=\"async\" width=\"1024\" height=\"683\" src=\"https:\/\/miex-serval.ch\/wp-content\/uploads\/2024\/09\/20230311_202104-1024x683.jpg\" alt=\"\" class=\"wp-image-950 size-full\" srcset=\"https:\/\/miex-serval.ch\/wp-content\/uploads\/2024\/09\/20230311_202104-1024x683.jpg 1024w, https:\/\/miex-serval.ch\/wp-content\/uploads\/2024\/09\/20230311_202104-300x200.jpg 300w, https:\/\/miex-serval.ch\/wp-content\/uploads\/2024\/09\/20230311_202104-768x512.jpg 768w, https:\/\/miex-serval.ch\/wp-content\/uploads\/2024\/09\/20230311_202104-1536x1024.jpg 1536w, https:\/\/miex-serval.ch\/wp-content\/uploads\/2024\/09\/20230311_202104-2048x1365.jpg 2048w\" sizes=\"(max-width: 1024px) 100vw, 1024px\" \/><\/figure><div class=\"wp-block-media-text__content\">\n<p><big>Femelle de g\u00e9n\u00e9ration F4, n\u00e9e chez nous. Fille de notre femelle Imelda et notre m\u00e2le Amani. Ava est tr\u00e8s typ\u00e9 et le marquage de son museau, ses grands oreilles avec des ocelles bien voyants font penser \u00e0 un serval  <\/big><\/p>\n<\/div><\/div>\n\n\n\n<h3 class=\"wp-block-heading\">Arvena<\/h3>\n\n\n\n<div class=\"wp-block-media-text is-stacked-on-mobile\" style=\"grid-template-columns:46% auto\"><figure class=\"wp-block-media-text__media\"><img loading=\"lazy\" decoding=\"async\" width=\"678\" height=\"1024\" src=\"https:\/\/miex-serval.ch\/wp-content\/uploads\/2024\/09\/20211224_165708-678x1024.jpg\" alt=\"\" class=\"wp-image-970 size-full\" srcset=\"https:\/\/miex-serval.ch\/wp-content\/uploads\/2024\/09\/20211224_165708-678x1024.jpg 678w, https:\/\/miex-serval.ch\/wp-content\/uploads\/2024\/09\/20211224_165708-199x300.jpg 199w, https:\/\/miex-serval.ch\/wp-content\/uploads\/2024\/09\/20211224_165708-768x1160.jpg 768w, https:\/\/miex-serval.ch\/wp-content\/uploads\/2024\/09\/20211224_165708-1017x1536.jpg 1017w, https:\/\/miex-serval.ch\/wp-content\/uploads\/2024\/09\/20211224_165708-1356x2048.jpg 1356w, https:\/\/miex-serval.ch\/wp-content\/uploads\/2024\/09\/20211224_165708-scaled.jpg 1695w\" sizes=\"(max-width: 678px) 100vw, 678px\" \/><\/figure><div class=\"wp-block-media-text__content\">\n<p>Arvena de g\u00e9n\u00e9ration F4 est n\u00e9e chez nous dans la m\u00eame port\u00e9e qu&#8217;Ava. Ce sont les filles d&#8217;Imelda et Amani (notre magnifique m\u00e2le reproducteur d\u00e9sormais mort)<\/p>\n\n\n\n<p>Ava et Arvena ont des tr\u00e8s belles robes et sont tr\u00e8s typ\u00e9es, c&#8217;est pourquoi nous avons d\u00e9cid\u00e9 de les garder dans notre \u00e9levage<\/p>\n<\/div><\/div>\n\n\n\n<h3 class=\"wp-block-heading\">Imelda<\/h3>\n\n\n\n<div class=\"wp-block-media-text is-stacked-on-mobile\" style=\"grid-template-columns:47% auto\"><figure class=\"wp-block-media-text__media\"><img loading=\"lazy\" decoding=\"async\" width=\"1024\" height=\"698\" src=\"https:\/\/miex-serval.ch\/wp-content\/uploads\/2024\/09\/20210710_094922-1024x698.jpg\" alt=\"\" class=\"wp-image-955 size-full\" srcset=\"https:\/\/miex-serval.ch\/wp-content\/uploads\/2024\/09\/20210710_094922-1024x698.jpg 1024w, https:\/\/miex-serval.ch\/wp-content\/uploads\/2024\/09\/20210710_094922-300x205.jpg 300w, https:\/\/miex-serval.ch\/wp-content\/uploads\/2024\/09\/20210710_094922-768x524.jpg 768w, https:\/\/miex-serval.ch\/wp-content\/uploads\/2024\/09\/20210710_094922-1536x1048.jpg 1536w, https:\/\/miex-serval.ch\/wp-content\/uploads\/2024\/09\/20210710_094922-2048x1397.jpg 2048w\" sizes=\"(max-width: 1024px) 100vw, 1024px\" \/><\/figure><div class=\"wp-block-media-text__content\">\n<p>Savannah F3, import\u00e9e de l&#8217;Allemagne <\/p>\n\n\n\n<p>Elle est de couleur assez rare. m\u00e9lanistique. (Les spot noirs sur un fond de couleur chocolat fonc\u00e9). Les chatons de Imelda sont tr\u00e8s typ\u00e9s avec des spots bien marqu\u00e9. Elle a eu des chatons de couleurs Black Spotted Tabby, Snow et m\u00e9lanistique comme elle.<\/p>\n<\/div><\/div>\n\n\n\n<h3 class=\"wp-block-heading\">Lilo<\/h3>\n\n\n\n<div class=\"wp-block-media-text is-stacked-on-mobile\" style=\"grid-template-columns:47% auto\"><figure class=\"wp-block-media-text__media\"><img loading=\"lazy\" decoding=\"async\" width=\"1024\" height=\"683\" src=\"https:\/\/miex-serval.ch\/wp-content\/uploads\/2024\/09\/20221106_150405-1024x683.jpg\" alt=\"\" class=\"wp-image-958 size-full\" srcset=\"https:\/\/miex-serval.ch\/wp-content\/uploads\/2024\/09\/20221106_150405-1024x683.jpg 1024w, https:\/\/miex-serval.ch\/wp-content\/uploads\/2024\/09\/20221106_150405-300x200.jpg 300w, https:\/\/miex-serval.ch\/wp-content\/uploads\/2024\/09\/20221106_150405-768x512.jpg 768w, https:\/\/miex-serval.ch\/wp-content\/uploads\/2024\/09\/20221106_150405-1536x1024.jpg 1536w, https:\/\/miex-serval.ch\/wp-content\/uploads\/2024\/09\/20221106_150405-2048x1365.jpg 2048w\" sizes=\"(max-width: 1024px) 100vw, 1024px\" \/><\/figure><div class=\"wp-block-media-text__content\">\n<p>Lilo Savannah F3, import\u00e9e de l&#8217;Allemagne<\/p>\n\n\n\n<p>Lilo est une Savannah de couleur Brown Spotted Tabby, l\u00e9g\u00e8rement gold. Elle a un bon gabarit et de grands oreilles. Niveau caractere elle est plus que adorable. Tous nos Savannah sont tr\u00e8s gentils et c\u00e2lins, mais Lilo adore faire des bisous plus que les autres.<\/p>\n<\/div><\/div>\n\n\n\n<h3 class=\"wp-block-heading\">Oriane<\/h3>\n\n\n\n<div class=\"wp-block-media-text is-stacked-on-mobile\"><figure class=\"wp-block-media-text__media\"><img loading=\"lazy\" decoding=\"async\" width=\"1024\" height=\"682\" src=\"https:\/\/miex-serval.ch\/wp-content\/uploads\/2024\/09\/20230216_085241-1024x682.jpg\" alt=\"\" class=\"wp-image-960 size-full\" srcset=\"https:\/\/miex-serval.ch\/wp-content\/uploads\/2024\/09\/20230216_085241-1024x682.jpg 1024w, https:\/\/miex-serval.ch\/wp-content\/uploads\/2024\/09\/20230216_085241-300x200.jpg 300w, https:\/\/miex-serval.ch\/wp-content\/uploads\/2024\/09\/20230216_085241-768x512.jpg 768w, https:\/\/miex-serval.ch\/wp-content\/uploads\/2024\/09\/20230216_085241-1536x1024.jpg 1536w, https:\/\/miex-serval.ch\/wp-content\/uploads\/2024\/09\/20230216_085241-2048x1365.jpg 2048w\" sizes=\"(max-width: 1024px) 100vw, 1024px\" \/><\/figure><div class=\"wp-block-media-text__content\">\n<p>Femelle F3, import\u00e9e de l&#8217;Allemagne, de couleur Brown Spotted Tabby, bien golde.<\/p>\n\n\n\n<p>Elle a une parfaite silhouette s&#8217;approchant de son anc\u00eatre serval. Oriane est haute sur les pates, avec une petites t\u00eate et des tr\u00e8s grands oreilles. Oriane est tr\u00e8s c\u00e2line et adore \u00eatre prise dans les bras.<\/p>\n<\/div><\/div>\n\n\n\n<div class=\"wp-block-media-text is-stacked-on-mobile\"><figure class=\"wp-block-media-text__media\"><\/figure><div class=\"wp-block-media-text__content\">\n<p><\/p>\n<\/div><\/div>\n","protected":false},"excerpt":{"rendered":"<p>Nos m\u00e2les Oasis M\u00e2le F6, import\u00e9 de France. C&#8217;est le plus grand de nos m\u00e2les, il p\u00e8se plus de 6.5 kg Oasis est dans notre \u00e9levage depuis le d\u00e9but, c&#8217;est notre premier m\u00e2le reproducteur et le p\u00e8re de plusieurs chatons. Plus de photos d&#8217;Oasis ici Sultan Sultan F5 et son p\u00e8re Amani F5 ont \u00e9t\u00e9 import\u00e9s de l&#8217;Allemagne en 2021. Amani est malheureusement d\u00e9c\u00e9d\u00e9 de vieillesse en 2022, mais Sultan continue l&#8217;\u0153uvre de son papa, il est d\u00e9sormais le p\u00e8re de nombreux chatons. Amani Amani et sont fils Sultan sont est arriv\u00e9s dans notre \u00e9levage de l&#8217;Allemagne. Amani est malheureusement mort de vieillesse, mais avant de d\u00e9c\u00e9der il a pu devenir p\u00e8re de plusieurs chatons dont nos deux&hellip;<\/p>\n","protected":false},"author":1,"featured_media":0,"parent":0,"menu_order":0,"comment_status":"closed","ping_status":"closed","template":"","meta":{"footnotes":""},"folder":[],"class_list":["post-749","page","type-page","status-publish","hentry"],"_links":{"self":[{"href":"https:\/\/miex-serval.ch\/index.php?rest_route=\/wp\/v2\/pages\/749","targetHints":{"allow":["GET"]}}],"collection":[{"href":"https:\/\/miex-serval.ch\/index.php?rest_route=\/wp\/v2\/pages"}],"about":[{"href":"https:\/\/miex-serval.ch\/index.php?rest_route=\/wp\/v2\/types\/page"}],"author":[{"embeddable":true,"href":"https:\/\/miex-serval.ch\/index.php?rest_route=\/wp\/v2\/users\/1"}],"replies":[{"embeddable":true,"href":"https:\/\/miex-serval.ch\/index.php?rest_route=%2Fwp%2Fv2%2Fcomments&post=749"}],"version-history":[{"count":36,"href":"https:\/\/miex-serval.ch\/index.php?rest_route=\/wp\/v2\/pages\/749\/revisions"}],"predecessor-version":[{"id":1095,"href":"https:\/\/miex-serval.ch\/index.php?rest_route=\/wp\/v2\/pages\/749\/revisions\/1095"}],"wp:attachment":[{"href":"https:\/\/miex-serval.ch\/index.php?rest_route=%2Fwp%2Fv2%2Fmedia&parent=749"}],"wp:term":[{"taxonomy":"folder","embeddable":true,"href":"https:\/\/miex-serval.ch\/index.php?rest_route=%2Fwp%2Fv2%2Ffolder&post=749"}],"curies":[{"name":"wp","href":"https:\/\/api.w.org\/{rel}","templated":true}]}}