{"id":761,"date":"2023-10-12T20:38:18","date_gmt":"2023-10-12T20:38:18","guid":{"rendered":"https:\/\/miex-serval.ch\/?page_id=761"},"modified":"2024-10-01T22:15:52","modified_gmt":"2024-10-01T22:15:52","slug":"explications-des-generations","status":"publish","type":"page","link":"https:\/\/miex-serval.ch\/?page_id=761","title":{"rendered":"Savannah- description"},"content":{"rendered":"\n<p><\/p>\n\n\n\n<h2 class=\"wp-block-heading\">L&#8217;origine de Savannah<\/h2>\n\n\n\n<h3 class=\"wp-block-heading\"><\/h3>\n\n\n\n<p>Les savannah contrairement \u00e0 la plupart des races de chats ne provient pas du chat sauvage. La race Savannah est issue d&#8217;un croisement entre un petit f\u00e9lin- le Serval et le chat domestique ( Bengal)<\/p>\n\n\n\n<p>D\u00e9sormais on utilise pour les croisements que des Savannah des g\u00e9n\u00e9rations diff\u00e9rentes.<\/p>\n\n\n\n<h2 class=\"wp-block-heading\">Les Savannah et la loi en Suisse<\/h2>\n\n\n\n<p>En Suisse la reproduction des Savannah est autoris\u00e9e \u00e0 partir de la troisi\u00e8me g\u00e9n\u00e9ration (selon la l\u00e9gislation). En effet nous reproduisons \u00e0 notre \u00e9levage des femelles Savannah F3 et nous vous proposons d\u00e9j\u00e0 des superbes f\u00e9lins hybrides Savannah F4.<\/p>\n\n\n\n<h2 class=\"wp-block-heading\">Les generations. Que vet dire F&#8230;..?<\/h2>\n\n\n\n<p>Par exemple : le mariage entre un serval et un Savannah donnera un Savannah F1 ( de la premi\u00e8re g\u00e9n\u00e9ration). Ce Savannah F1 crois\u00e9 avec un Savannah d&#8217;une autre g\u00e9n\u00e9ration fera une porte des Savannah de la deuxi\u00e8me g\u00e9n\u00e9ration (F2), et ainsi de suite.<\/p>\n\n\n\n<p>Donc, plus la g\u00e9n\u00e9ration est proche du Serval plus le savannah serait grand avec des t\u00e2ches marqu\u00e9es et un caract\u00e8re plus proche du f\u00e9lin que du chat. La g\u00e9n\u00e9ration fixe \u00e9galement la valeur d&#8217;un Savannah<\/p>\n\n\n\n<h3 class=\"wp-block-heading\"><\/h3>\n","protected":false},"excerpt":{"rendered":"<p>L&#8217;origine de Savannah Les savannah contrairement \u00e0 la plupart des races de chats ne provient pas du chat sauvage. La race Savannah est issue d&#8217;un croisement entre un petit f\u00e9lin- le Serval et le chat domestique ( Bengal) D\u00e9sormais on utilise pour les croisements que des Savannah des g\u00e9n\u00e9rations diff\u00e9rentes. Les Savannah et la loi en Suisse En Suisse la reproduction des Savannah est autoris\u00e9e \u00e0 partir de la troisi\u00e8me g\u00e9n\u00e9ration (selon la l\u00e9gislation). En effet nous reproduisons \u00e0 notre \u00e9levage des femelles Savannah F3 et nous vous proposons d\u00e9j\u00e0 des superbes f\u00e9lins hybrides Savannah F4. Les generations. Que vet dire F&#8230;..? Par exemple : le mariage entre un serval et un Savannah donnera un Savannah F1 (&hellip;<\/p>\n","protected":false},"author":1,"featured_media":0,"parent":0,"menu_order":0,"comment_status":"closed","ping_status":"closed","template":"","meta":{"footnotes":""},"folder":[],"class_list":["post-761","page","type-page","status-publish","hentry"],"_links":{"self":[{"href":"https:\/\/miex-serval.ch\/index.php?rest_route=\/wp\/v2\/pages\/761","targetHints":{"allow":["GET"]}}],"collection":[{"href":"https:\/\/miex-serval.ch\/index.php?rest_route=\/wp\/v2\/pages"}],"about":[{"href":"https:\/\/miex-serval.ch\/index.php?rest_route=\/wp\/v2\/types\/page"}],"author":[{"embeddable":true,"href":"https:\/\/miex-serval.ch\/index.php?rest_route=\/wp\/v2\/users\/1"}],"replies":[{"embeddable":true,"href":"https:\/\/miex-serval.ch\/index.php?rest_route=%2Fwp%2Fv2%2Fcomments&post=761"}],"version-history":[{"count":6,"href":"https:\/\/miex-serval.ch\/index.php?rest_route=\/wp\/v2\/pages\/761\/revisions"}],"predecessor-version":[{"id":1093,"href":"https:\/\/miex-serval.ch\/index.php?rest_route=\/wp\/v2\/pages\/761\/revisions\/1093"}],"wp:attachment":[{"href":"https:\/\/miex-serval.ch\/index.php?rest_route=%2Fwp%2Fv2%2Fmedia&parent=761"}],"wp:term":[{"taxonomy":"folder","embeddable":true,"href":"https:\/\/miex-serval.ch\/index.php?rest_route=%2Fwp%2Fv2%2Ffolder&post=761"}],"curies":[{"name":"wp","href":"https:\/\/api.w.org\/{rel}","templated":true}]}}