{"id":779,"date":"2023-10-12T21:55:09","date_gmt":"2023-10-12T21:55:09","guid":{"rendered":"https:\/\/miex-serval.ch\/?page_id=779"},"modified":"2024-09-29T19:24:14","modified_gmt":"2024-09-29T19:24:14","slug":"listes-dattente","status":"publish","type":"page","link":"https:\/\/miex-serval.ch\/?page_id=779","title":{"rendered":"listes d&#8217;attente"},"content":{"rendered":"\n<p>Pour avoir plus de chances d&#8217;obtenir le Savannah de vos r\u00eaves vous avez la possibilit\u00e9 de vous inscrire sur la liste d&#8217;attente. <\/p>\n\n\n\n<p>En ce moment l\u00e0 vous choisissez la femelle dont le chatons vous aimeriez avoir. <\/p>\n\n\n\n<p>Suivant votre place sur la liste d&#8217;attente vous \u00eates la premi\u00e8re ou l&#8217;une de premi\u00e8res personnes \u00e0 choisir votre futur chaton.<\/p>\n\n\n\n<p>Pour effectuer la r\u00e9servation de votre futur chaton nous allons signer le contrat de r\u00e9servation et nous vous demanderons l&#8217;acompte de 10% de la somme totale.<\/p>\n","protected":false},"excerpt":{"rendered":"<p>Pour avoir plus de chances d&#8217;obtenir le Savannah de vos r\u00eaves vous avez la possibilit\u00e9 de vous inscrire sur la liste d&#8217;attente. En ce moment l\u00e0 vous choisissez la femelle dont le chatons vous aimeriez avoir. Suivant votre place sur la liste d&#8217;attente vous \u00eates la premi\u00e8re ou l&#8217;une de premi\u00e8res personnes \u00e0 choisir votre futur chaton. Pour effectuer la r\u00e9servation de votre futur chaton nous allons signer le contrat de r\u00e9servation et nous vous demanderons l&#8217;acompte de 10% de la somme totale.<\/p>\n","protected":false},"author":1,"featured_media":0,"parent":0,"menu_order":0,"comment_status":"closed","ping_status":"closed","template":"","meta":{"footnotes":""},"folder":[],"class_list":["post-779","page","type-page","status-publish","hentry"],"_links":{"self":[{"href":"https:\/\/miex-serval.ch\/index.php?rest_route=\/wp\/v2\/pages\/779","targetHints":{"allow":["GET"]}}],"collection":[{"href":"https:\/\/miex-serval.ch\/index.php?rest_route=\/wp\/v2\/pages"}],"about":[{"href":"https:\/\/miex-serval.ch\/index.php?rest_route=\/wp\/v2\/types\/page"}],"author":[{"embeddable":true,"href":"https:\/\/miex-serval.ch\/index.php?rest_route=\/wp\/v2\/users\/1"}],"replies":[{"embeddable":true,"href":"https:\/\/miex-serval.ch\/index.php?rest_route=%2Fwp%2Fv2%2Fcomments&post=779"}],"version-history":[{"count":6,"href":"https:\/\/miex-serval.ch\/index.php?rest_route=\/wp\/v2\/pages\/779\/revisions"}],"predecessor-version":[{"id":1029,"href":"https:\/\/miex-serval.ch\/index.php?rest_route=\/wp\/v2\/pages\/779\/revisions\/1029"}],"wp:attachment":[{"href":"https:\/\/miex-serval.ch\/index.php?rest_route=%2Fwp%2Fv2%2Fmedia&parent=779"}],"wp:term":[{"taxonomy":"folder","embeddable":true,"href":"https:\/\/miex-serval.ch\/index.php?rest_route=%2Fwp%2Fv2%2Ffolder&post=779"}],"curies":[{"name":"wp","href":"https:\/\/api.w.org\/{rel}","templated":true}]}}